{"id":3929,"date":"2024-03-20T12:58:28","date_gmt":"2024-03-20T12:58:28","guid":{"rendered":"https:\/\/foodsafety4africa.eu\/?page_id=3929"},"modified":"2024-03-28T20:37:07","modified_gmt":"2024-03-28T20:37:07","slug":"up","status":"publish","type":"page","link":"https:\/\/foodsafety4africa.eu\/de\/partners\/up\/","title":{"rendered":"University of Pretoria"},"content":{"rendered":"<div data-elementor-type=\"wp-page\" data-elementor-id=\"3929\" class=\"elementor elementor-3929\" data-elementor-post-type=\"page\">\n\t\t\t\t\t\t<section class=\"elementor-section elementor-top-section elementor-element elementor-element-de32c35 elementor-section-full_width elementor-section-stretched elementor-section-height-default elementor-section-height-default\" data-id=\"de32c35\" data-element_type=\"section\" data-e-type=\"section\" data-settings=\"{&quot;stretch_section&quot;:&quot;section-stretched&quot;}\">\n\t\t\t\t\t\t<div class=\"elementor-container elementor-column-gap-no\">\n\t\t\t\t\t<div class=\"elementor-column elementor-col-100 elementor-top-column elementor-element elementor-element-7c7854a\" data-id=\"7c7854a\" data-element_type=\"column\" data-e-type=\"column\">\n\t\t\t<div class=\"elementor-widget-wrap elementor-element-populated\">\n\t\t\t\t\t\t<div class=\"elementor-element elementor-element-3193cd2 align-left elementor-widget__width-initial elementor-absolute elementor-hidden-tablet elementor-hidden-mobile image-width-full elementor-invisible elementor-widget elementor-widget-mae-gallery-stack\" data-id=\"3193cd2\" data-element_type=\"widget\" data-e-type=\"widget\" data-settings=\"{&quot;_position&quot;:&quot;absolute&quot;,&quot;_animation&quot;:&quot;reveal revealRight2&quot;,&quot;_animation_delay&quot;:1000}\" data-widget_type=\"mae-gallery-stack.default\">\n\t\t\t\t<div class=\"elementor-widget-container\">\n\t\t\t\t\t\t\t<div class=\"master-gallery-stack\">\n\t\t\t<div class=\"master-fancy-image elementor-repeater-item-7a6bcca\" data-top=\"0px\" data-calcheight=\"no\">\n\t\t\t\t\t\t\t\t\t\t<div class=\"image-wrap\"><img fetchpriority=\"high\" decoding=\"async\" width=\"604\" height=\"754\" src=\"https:\/\/foodsafety4africa.eu\/wp-content\/uploads\/2024\/03\/fsh-bg.jpg\" class=\"attachment-full size-full\" alt=\"\" srcset=\"https:\/\/foodsafety4africa.eu\/wp-content\/uploads\/2024\/03\/fsh-bg.jpg 604w, https:\/\/foodsafety4africa.eu\/wp-content\/uploads\/2024\/03\/fsh-bg-481x600.jpg 481w\" sizes=\"(max-width: 604px) 100vw, 604px\" \/><\/div>\n\t\t\t\t\t\t\t\t\t<\/div><div class=\"master-shape elementor-repeater-item-120852c\"><\/div>\t\t<\/div>\n\t    \t\t\t\t<\/div>\n\t\t\t\t<\/div>\n\t\t\t\t<div class=\"elementor-element elementor-element-5ebade2 elementor-widget elementor-widget-spacer\" data-id=\"5ebade2\" data-element_type=\"widget\" data-e-type=\"widget\" data-widget_type=\"spacer.default\">\n\t\t\t\t<div class=\"elementor-widget-container\">\n\t\t\t\t\t\t\t<div class=\"elementor-spacer\">\n\t\t\t<div class=\"elementor-spacer-inner\"><\/div>\n\t\t<\/div>\n\t\t\t\t\t\t<\/div>\n\t\t\t\t<\/div>\n\t\t\t\t<section class=\"elementor-section elementor-inner-section elementor-element elementor-element-d17c357 elementor-section-boxed elementor-section-height-default elementor-section-height-default\" data-id=\"d17c357\" data-element_type=\"section\" data-e-type=\"section\">\n\t\t\t\t\t\t<div class=\"elementor-container elementor-column-gap-default\">\n\t\t\t\t\t<div class=\"elementor-column elementor-col-50 elementor-inner-column elementor-element elementor-element-699639c\" data-id=\"699639c\" data-element_type=\"column\" data-e-type=\"column\">\n\t\t\t<div class=\"elementor-widget-wrap elementor-element-populated\">\n\t\t\t\t\t\t<div class=\"elementor-element elementor-element-fccd648 image-width-fit elementor-widget-tablet__width-auto align-center elementor-widget elementor-widget-mae-gallery-stack\" data-id=\"fccd648\" data-element_type=\"widget\" data-e-type=\"widget\" data-settings=\"{&quot;motion_fx_motion_fx_scrolling&quot;:&quot;yes&quot;,&quot;motion_fx_translateY_effect&quot;:&quot;yes&quot;,&quot;motion_fx_translateY_direction&quot;:&quot;negative&quot;,&quot;motion_fx_translateY_affectedRange&quot;:{&quot;unit&quot;:&quot;%&quot;,&quot;size&quot;:&quot;&quot;,&quot;sizes&quot;:{&quot;start&quot;:34,&quot;end&quot;:100}},&quot;motion_fx_devices&quot;:[&quot;desktop&quot;,&quot;laptop&quot;,&quot;tablet_extra&quot;],&quot;motion_fx_translateY_speed&quot;:{&quot;unit&quot;:&quot;px&quot;,&quot;size&quot;:4,&quot;sizes&quot;:[]}}\" data-widget_type=\"mae-gallery-stack.default\">\n\t\t\t\t<div class=\"elementor-widget-container\">\n\t\t\t\t\t\t\t<div class=\"master-gallery-stack\">\n\t\t\t<div class=\"master-fancy-image elementor-repeater-item-b23048b\" data-top=\"0px\" data-calcheight=\"no\">\n\t\t\t\t\t\t\t\t\t\t<div class=\"image-wrap\"><img decoding=\"async\" width=\"2363\" height=\"985\" src=\"https:\/\/foodsafety4africa.eu\/wp-content\/uploads\/2024\/02\/Partner-1-08.png\" class=\"attachment-full size-full\" alt=\"up logo\" srcset=\"https:\/\/foodsafety4africa.eu\/wp-content\/uploads\/2024\/02\/Partner-1-08.png 2363w, https:\/\/foodsafety4africa.eu\/wp-content\/uploads\/2024\/02\/Partner-1-08-300x125.png 300w, https:\/\/foodsafety4africa.eu\/wp-content\/uploads\/2024\/02\/Partner-1-08-1024x427.png 1024w, https:\/\/foodsafety4africa.eu\/wp-content\/uploads\/2024\/02\/Partner-1-08-768x320.png 768w, https:\/\/foodsafety4africa.eu\/wp-content\/uploads\/2024\/02\/Partner-1-08-1536x640.png 1536w, https:\/\/foodsafety4africa.eu\/wp-content\/uploads\/2024\/02\/Partner-1-08-2048x854.png 2048w\" sizes=\"(max-width: 2363px) 100vw, 2363px\" \/><\/div>\n\t\t\t\t\t\t\t\t\t<\/div><div class=\"master-shape master-animation elementor-repeater-item-714059b\" data-animation=\"fadeInUpSmall\"><\/div><div class=\"master-text parallax-hover elementor-repeater-item-c9a90c6 default\" data-range=\"\" data-direction=\"follow\"><div class=\"inner\"><\/div><\/div>\t\t<\/div>\n\t    \t\t\t\t<\/div>\n\t\t\t\t<\/div>\n\t\t\t\t\t<\/div>\n\t\t<\/div>\n\t\t\t\t<div class=\"elementor-column elementor-col-50 elementor-inner-column elementor-element elementor-element-775e2fc\" data-id=\"775e2fc\" data-element_type=\"column\" data-e-type=\"column\">\n\t\t\t<div class=\"elementor-widget-wrap elementor-element-populated\">\n\t\t\t\t\t\t<div class=\"elementor-element elementor-element-1be8a12 heading-default elementor-widget elementor-widget-mae-headings\" data-id=\"1be8a12\" data-element_type=\"widget\" data-e-type=\"widget\" data-widget_type=\"mae-headings.default\">\n\t\t\t\t<div class=\"elementor-widget-container\">\n\t\t\t\t\t\t\t<div class=\"master-heading sep-none\">\n\t\t\t\t        \t        \t<div class=\"pre-heading\"><span class=\"line\"><span class=\"inner\"><\/span><\/span>UP<\/div>\n\t        \n\t        \n\t        \t        <h2 class=\"main-heading\">University of Pretoria<\/h2>\n\t        \n\t        \n\t        \t    <\/div>\n\t    \t\t\t\t<\/div>\n\t\t\t\t<\/div>\n\t\t\t\t<div class=\"elementor-element elementor-element-5a71d31 elementor-widget elementor-widget-text-editor\" data-id=\"5a71d31\" data-element_type=\"widget\" data-e-type=\"widget\" data-widget_type=\"text-editor.default\">\n\t\t\t\t<div class=\"elementor-widget-container\">\n\t\t\t\t\t\t\t\t\t<p class=\"translation-block\">Die <strong>University of Pretoria (UP)<\/strong> ist eine der besten Universit\u00e4ten Afrikas und die gr\u00f6\u00dfte Kontaktuniversit\u00e4t S\u00fcdafrikas. Wir betreiben gesellschaftlich wirksame Forschung, um L\u00f6sungen f\u00fcr die dringendsten Probleme der Welt zu finden. Wir bieten eine hohe Qualit\u00e4t der Lehre und des Lernens im Klassenzimmer, online oder in den Gemeinden. Wir unterst\u00fctzen unsere Studierenden dabei, ihr Studium p\u00fcnktlich als gut ausgebildete, verantwortungsbewusste B\u00fcrger abzuschlie\u00dfen, die auf die Welt nach der Universit\u00e4t vorbereitet sind.<\/p>\t\t\t\t\t\t\t\t<\/div>\n\t\t\t\t<\/div>\n\t\t\t\t<div class=\"elementor-element elementor-element-70c095a elementor-widget elementor-widget-spacer\" data-id=\"70c095a\" data-element_type=\"widget\" data-e-type=\"widget\" data-widget_type=\"spacer.default\">\n\t\t\t\t<div class=\"elementor-widget-container\">\n\t\t\t\t\t\t\t<div class=\"elementor-spacer\">\n\t\t\t<div class=\"elementor-spacer-inner\"><\/div>\n\t\t<\/div>\n\t\t\t\t\t\t<\/div>\n\t\t\t\t<\/div>\n\t\t\t\t<div class=\"elementor-element elementor-element-f0c30f9 elementor-widget elementor-widget-heading\" data-id=\"f0c30f9\" data-element_type=\"widget\" data-e-type=\"widget\" data-widget_type=\"heading.default\">\n\t\t\t\t<div class=\"elementor-widget-container\">\n\t\t\t\t\t<h4 class=\"elementor-heading-title elementor-size-default\">Rolle im Projekt<\/h4>\t\t\t\t<\/div>\n\t\t\t\t<\/div>\n\t\t\t\t<div class=\"elementor-element elementor-element-5576d45 elementor-widget elementor-widget-text-editor\" data-id=\"5576d45\" data-element_type=\"widget\" data-e-type=\"widget\" data-widget_type=\"text-editor.default\">\n\t\t\t\t<div class=\"elementor-widget-container\">\n\t\t\t\t\t\t\t\t\t<p><strong>Aufgabe 2.2 Leiter:<\/strong> \"Kartierung der Wissenssysteme zur Lebensmittelsicherheit\"<br \/><strong>Aufgabe 2.3 Leiter:<\/strong> \"Verbesserung der Lebensmittelsicherheit in Afrika f\u00fcr den informellen Sektor\".<\/p>\t\t\t\t\t\t\t\t<\/div>\n\t\t\t\t<\/div>\n\t\t\t\t\t<\/div>\n\t\t<\/div>\n\t\t\t\t\t<\/div>\n\t\t<\/section>\n\t\t\t\t<div class=\"elementor-element elementor-element-3ff533f elementor-widget elementor-widget-spacer\" data-id=\"3ff533f\" data-element_type=\"widget\" data-e-type=\"widget\" data-widget_type=\"spacer.default\">\n\t\t\t\t<div class=\"elementor-widget-container\">\n\t\t\t\t\t\t\t<div class=\"elementor-spacer\">\n\t\t\t<div class=\"elementor-spacer-inner\"><\/div>\n\t\t<\/div>\n\t\t\t\t\t\t<\/div>\n\t\t\t\t<\/div>\n\t\t\t\t\t<\/div>\n\t\t<\/div>\n\t\t\t\t\t<\/div>\n\t\t<\/section>\n\t\t<div class=\"elementor-element elementor-element-cb0b930 e-flex e-con-boxed e-con e-parent\" data-id=\"cb0b930\" data-element_type=\"container\" data-e-type=\"container\">\n\t\t\t\t\t<div class=\"e-con-inner\">\n\t\t<div class=\"elementor-element elementor-element-5cef003 e-con-full elementor-hidden-tablet_extra elementor-hidden-tablet elementor-hidden-mobile e-flex e-con e-child\" data-id=\"5cef003\" data-element_type=\"container\" data-e-type=\"container\">\n\t\t\t\t<\/div>\n\t\t<div class=\"elementor-element elementor-element-af84e88 e-con-full e-flex e-con e-child\" data-id=\"af84e88\" data-element_type=\"container\" data-e-type=\"container\">\n\t\t\t\t<div class=\"elementor-element elementor-element-cf852e6 elementor-widget elementor-widget-heading\" data-id=\"cf852e6\" data-element_type=\"widget\" data-e-type=\"widget\" data-widget_type=\"heading.default\">\n\t\t\t\t<div class=\"elementor-widget-container\">\n\t\t\t\t\t<h4 class=\"elementor-heading-title elementor-size-default\">Allgemeine Informationen<\/h4>\t\t\t\t<\/div>\n\t\t\t\t<\/div>\n\t\t\t\t<div class=\"elementor-element elementor-element-17f9c58 elementor-widget elementor-widget-spacer\" data-id=\"17f9c58\" data-element_type=\"widget\" data-e-type=\"widget\" data-widget_type=\"spacer.default\">\n\t\t\t\t<div class=\"elementor-widget-container\">\n\t\t\t\t\t\t\t<div class=\"elementor-spacer\">\n\t\t\t<div class=\"elementor-spacer-inner\"><\/div>\n\t\t<\/div>\n\t\t\t\t\t\t<\/div>\n\t\t\t\t<\/div>\n\t\t\t\t<div class=\"elementor-element elementor-element-3315ea5 elementor-icon-list--layout-traditional elementor-list-item-link-full_width elementor-widget elementor-widget-icon-list\" data-id=\"3315ea5\" data-element_type=\"widget\" data-e-type=\"widget\" data-widget_type=\"icon-list.default\">\n\t\t\t\t<div class=\"elementor-widget-container\">\n\t\t\t\t\t\t\t<ul class=\"elementor-icon-list-items\">\n\t\t\t\t\t\t\t<li class=\"elementor-icon-list-item\">\n\t\t\t\t\t\t\t\t\t\t\t<span class=\"elementor-icon-list-icon\">\n\t\t\t\t\t\t\t<i aria-hidden=\"true\" class=\"fas fa-map-marker-alt\"><\/i>\t\t\t\t\t\t<\/span>\n\t\t\t\t\t\t\t\t\t\t<span class=\"elementor-icon-list-text\">S\u00fcdafrika<\/span>\n\t\t\t\t\t\t\t\t\t<\/li>\n\t\t\t\t\t\t\t\t<li class=\"elementor-icon-list-item\">\n\t\t\t\t\t\t\t\t\t\t\t<a href=\"https:\/\/www.up.ac.za\/\" target=\"_blank\" rel=\"noopener noreferrer nofollow\">\n\n\t\t\t\t\t\t\t\t\t\t\t\t<span class=\"elementor-icon-list-icon\">\n\t\t\t\t\t\t\t<i aria-hidden=\"true\" class=\"fas fa-link\"><\/i>\t\t\t\t\t\t<\/span>\n\t\t\t\t\t\t\t\t\t\t<span class=\"elementor-icon-list-text\">up.ac.za<\/span>\n\t\t\t\t\t\t\t\t\t\t\t<\/a>\n\t\t\t\t\t\t\t\t\t<\/li>\n\t\t\t\t\t\t<\/ul>\n\t\t\t\t\t\t<\/div>\n\t\t\t\t<\/div>\n\t\t\t\t<\/div>\n\t\t<div class=\"elementor-element elementor-element-ea81bef e-con-full e-flex e-con e-child\" data-id=\"ea81bef\" data-element_type=\"container\" data-e-type=\"container\">\n\t\t\t\t<div class=\"elementor-element elementor-element-826fbfc elementor-widget elementor-widget-heading\" data-id=\"826fbfc\" data-element_type=\"widget\" data-e-type=\"widget\" data-widget_type=\"heading.default\">\n\t\t\t\t<div class=\"elementor-widget-container\">\n\t\t\t\t\t<h4 class=\"elementor-heading-title elementor-size-default\">Ansprechpartner<\/h4>\t\t\t\t<\/div>\n\t\t\t\t<\/div>\n\t\t\t\t<div class=\"elementor-element elementor-element-ddb56fe elementor-widget elementor-widget-spacer\" data-id=\"ddb56fe\" data-element_type=\"widget\" data-e-type=\"widget\" data-widget_type=\"spacer.default\">\n\t\t\t\t<div class=\"elementor-widget-container\">\n\t\t\t\t\t\t\t<div class=\"elementor-spacer\">\n\t\t\t<div class=\"elementor-spacer-inner\"><\/div>\n\t\t<\/div>\n\t\t\t\t\t\t<\/div>\n\t\t\t\t<\/div>\n\t\t\t\t<div class=\"elementor-element elementor-element-294086f elementor-widget elementor-widget-heading\" data-id=\"294086f\" data-element_type=\"widget\" data-e-type=\"widget\" data-widget_type=\"heading.default\">\n\t\t\t\t<div class=\"elementor-widget-container\">\n\t\t\t\t\t<h5 class=\"elementor-heading-title elementor-size-default\">Prof. Liza Korsten<\/h5>\t\t\t\t<\/div>\n\t\t\t\t<\/div>\n\t\t\t\t<div class=\"elementor-element elementor-element-fbc4fd5 elementor-widget elementor-widget-spacer\" data-id=\"fbc4fd5\" data-element_type=\"widget\" data-e-type=\"widget\" data-widget_type=\"spacer.default\">\n\t\t\t\t<div class=\"elementor-widget-container\">\n\t\t\t\t\t\t\t<div class=\"elementor-spacer\">\n\t\t\t<div class=\"elementor-spacer-inner\"><\/div>\n\t\t<\/div>\n\t\t\t\t\t\t<\/div>\n\t\t\t\t<\/div>\n\t\t\t\t<div class=\"elementor-element elementor-element-2016a1d elementor-icon-list--layout-traditional elementor-list-item-link-full_width elementor-widget elementor-widget-icon-list\" data-id=\"2016a1d\" data-element_type=\"widget\" data-e-type=\"widget\" data-widget_type=\"icon-list.default\">\n\t\t\t\t<div class=\"elementor-widget-container\">\n\t\t\t\t\t\t\t<ul class=\"elementor-icon-list-items\">\n\t\t\t\t\t\t\t<li class=\"elementor-icon-list-item\">\n\t\t\t\t\t\t\t\t\t\t\t<a href=\"mailto:lise.korsten@up.ac.za\">\n\n\t\t\t\t\t\t\t\t\t\t\t\t<span class=\"elementor-icon-list-icon\">\n\t\t\t\t\t\t\t<i aria-hidden=\"true\" class=\"ci ci-envelope\"><\/i>\t\t\t\t\t\t<\/span>\n\t\t\t\t\t\t\t\t\t\t<span class=\"elementor-icon-list-text\">lise.korsten@up.ac.za<\/span>\n\t\t\t\t\t\t\t\t\t\t\t<\/a>\n\t\t\t\t\t\t\t\t\t<\/li>\n\t\t\t\t\t\t<\/ul>\n\t\t\t\t\t\t<\/div>\n\t\t\t\t<\/div>\n\t\t\t\t<\/div>\n\t\t\t\t\t<\/div>\n\t\t\t\t<\/div>\n\t\t\t\t<\/div>\n\t\t\n    <div class=\"xs_social_share_widget xs_share_url after_content \t\tmain_content  wslu-style-1 wslu-share-box-shaped wslu-fill-colored wslu-none wslu-share-horizontal wslu-theme-font-no wslu-main_content\">\n\n\t\t\n        <ul>\n\t\t\t        <\/ul>\n    <\/div>","protected":false},"excerpt":{"rendered":"<p>UP University of Pretoria The University of Pretoria (UP) is one of Africa\u2019s top universities and the largest contact university in South Africa. We produce socially impactful research to find solutions for the world\u2019s most pressing issues. We have a high quality of teaching and learning in the classroom, online,<\/p>","protected":false},"author":2,"featured_media":0,"parent":3692,"menu_order":8,"comment_status":"closed","ping_status":"closed","template":"","meta":{"inline_featured_image":false,"iawp_total_views":32,"footnotes":""},"class_list":["post-3929","page","type-page","status-publish","hentry"],"_links":{"self":[{"href":"https:\/\/foodsafety4africa.eu\/de\/wp-json\/wp\/v2\/pages\/3929","targetHints":{"allow":["GET"]}}],"collection":[{"href":"https:\/\/foodsafety4africa.eu\/de\/wp-json\/wp\/v2\/pages"}],"about":[{"href":"https:\/\/foodsafety4africa.eu\/de\/wp-json\/wp\/v2\/types\/page"}],"author":[{"embeddable":true,"href":"https:\/\/foodsafety4africa.eu\/de\/wp-json\/wp\/v2\/users\/2"}],"replies":[{"embeddable":true,"href":"https:\/\/foodsafety4africa.eu\/de\/wp-json\/wp\/v2\/comments?post=3929"}],"version-history":[{"count":7,"href":"https:\/\/foodsafety4africa.eu\/de\/wp-json\/wp\/v2\/pages\/3929\/revisions"}],"predecessor-version":[{"id":4454,"href":"https:\/\/foodsafety4africa.eu\/de\/wp-json\/wp\/v2\/pages\/3929\/revisions\/4454"}],"up":[{"embeddable":true,"href":"https:\/\/foodsafety4africa.eu\/de\/wp-json\/wp\/v2\/pages\/3692"}],"wp:attachment":[{"href":"https:\/\/foodsafety4africa.eu\/de\/wp-json\/wp\/v2\/media?parent=3929"}],"curies":[{"name":"wp","href":"https:\/\/api.w.org\/{rel}","templated":true}]}}