{"id":3715,"date":"2024-03-15T12:12:52","date_gmt":"2024-03-15T12:12:52","guid":{"rendered":"https:\/\/foodsafety4africa.eu\/?page_id=3715"},"modified":"2024-06-07T12:45:57","modified_gmt":"2024-06-07T12:45:57","slug":"use-cases","status":"publish","type":"page","link":"https:\/\/foodsafety4africa.eu\/fr\/use-cases\/","title":{"rendered":"Cas pratique"},"content":{"rendered":"<div data-elementor-type=\"wp-page\" data-elementor-id=\"3715\" class=\"elementor elementor-3715\" data-elementor-post-type=\"page\">\n\t\t\t\t\t\t<section class=\"elementor-section elementor-top-section elementor-element elementor-element-999c313 elementor-section-full_width elementor-section-stretched elementor-section-height-default elementor-section-height-default\" data-id=\"999c313\" data-element_type=\"section\" data-e-type=\"section\" data-settings=\"{&quot;stretch_section&quot;:&quot;section-stretched&quot;,&quot;background_background&quot;:&quot;classic&quot;}\">\n\t\t\t\t\t\t<div class=\"elementor-container elementor-column-gap-no\">\n\t\t\t\t\t<div class=\"elementor-column elementor-col-100 elementor-top-column elementor-element elementor-element-b9b1f4c\" data-id=\"b9b1f4c\" data-element_type=\"column\" data-e-type=\"column\">\n\t\t\t<div class=\"elementor-widget-wrap elementor-element-populated\">\n\t\t\t\t\t\t<div class=\"elementor-element elementor-element-6a836c9 elementor-widget elementor-widget-spacer\" data-id=\"6a836c9\" data-element_type=\"widget\" data-e-type=\"widget\" data-widget_type=\"spacer.default\">\n\t\t\t\t<div class=\"elementor-widget-container\">\n\t\t\t\t\t\t\t<div class=\"elementor-spacer\">\n\t\t\t<div class=\"elementor-spacer-inner\"><\/div>\n\t\t<\/div>\n\t\t\t\t\t\t<\/div>\n\t\t\t\t<\/div>\n\t\t<div class=\"elementor-element elementor-element-9ec9b48 e-flex e-con-boxed e-con e-parent\" data-id=\"9ec9b48\" data-element_type=\"container\" data-e-type=\"container\">\n\t\t\t\t\t<div class=\"e-con-inner\">\n\t\t<div class=\"elementor-element elementor-element-eaa2998 e-con-full e-flex e-con e-child\" data-id=\"eaa2998\" data-element_type=\"container\" data-e-type=\"container\">\n\t\t\t\t<div class=\"elementor-element elementor-element-e8904f8 align-center elementor-widget elementor-widget-mae-image-morphing\" data-id=\"e8904f8\" data-element_type=\"widget\" data-e-type=\"widget\" data-widget_type=\"mae-image-morphing.default\">\n\t\t\t\t<div class=\"elementor-widget-container\">\n\t\t\t\t\t\n                <div class=\"master-wrap\">\n                                <div class=\"master-decor html elementor-repeater-item-ed211b8\">\n                                            <\/div>\n                \n\t\t<div class=\"master-image-morphing\" data-config='{\"repeat\":10,\"duration\":5000}'>\n\t\t\t<svg viewbox=\"\">\n                                    <clippath id=\"clip620515735\">\n                        <path d=\"M 94.7303 124.45C 37.6879 145.918 39.743 147.892 33.2237 112.891C 26.7044 77.8904 -20.0016 75.3768 9.914 28.6733C 39.8296 -18.0302 145.625 -3.39022 139.766 41.766C 133.907 86.9223 151.773 102.983 94.7303 124.45Z\"><\/path>\n                    <\/clippath>        \n                                    <clippath >\n                        <path d=\"M 140 70C 140 108.66 108.66 140 70 140C 31.3401 140 0 108.66 0 70C 0 31.3401 31.3401 0 70 0C 108.66 0 140 31.3401 140 70Z\"><\/path>\n                    <\/clippath>        \n                                    <clippath >\n                        <path d=\"M 60.2019 139.968C 10.0264 141.87 -15.9066 59.2741 10.4905 15.8247C 36.8876 -27.6246 60.2019 30.8118 74.8044 43.5304C 89.4069 56.2491 129.333 5.46655 138.59 26.0864C 147.847 46.7062 110.377 138.065 60.2019 139.968Z\"><\/path>\n                    <\/clippath>        \n                                <g clip-path=\"url(#clip620515735)\">\n                                            <image xlink:href=\"https:\/\/foodsafety4africa.eu\/wp-content\/uploads\/2024\/03\/green-01b.jpg\" width=\"100\" height=\"100\"><\/image>       \n                                    <\/g>\n            <\/svg>\n\n            \t\t<\/div>\n\t\t<\/div>\t\t\t\t<\/div>\n\t\t\t\t<\/div>\n\t\t\t\t<div class=\"elementor-element elementor-element-1fdb08d custom-image-box-2 image-box-style-3 elementor-widget elementor-widget-mae-image-box\" data-id=\"1fdb08d\" data-element_type=\"widget\" data-e-type=\"widget\" data-widget_type=\"mae-image-box.default\">\n\t\t\t\t<div class=\"elementor-widget-container\">\n\t\t\t\t\t                <div class=\"master-image-box\">\n                            <div class=\"thumb\"><div class=\"inner\"><img fetchpriority=\"high\" decoding=\"async\" width=\"690\" height=\"500\" src=\"https:\/\/foodsafety4africa.eu\/wp-content\/uploads\/2024\/02\/aflatoxin-2.jpg\" class=\"attachment-full size-full\" alt=\"\" srcset=\"https:\/\/foodsafety4africa.eu\/wp-content\/uploads\/2024\/02\/aflatoxin-2.jpg 690w, https:\/\/foodsafety4africa.eu\/wp-content\/uploads\/2024\/02\/aflatoxin-2-300x217.jpg 300w\" sizes=\"(max-width: 690px) 100vw, 690px\" \/><\/div><\/div>\n                <div class=\"content-wrap\">\n                    <div class=\"icon-wrap\"><div class=\"master-icon\"><i class=\"agi agi-agriculture\"><\/i><\/div><\/div><h3 class=\"headline-2\">Cas pratique 1 :<br\/>Gestion durable des aflatoxines<br> \u00e0 travers une d\u00e9marche d\u2019Innovation Convergence Alimentaire<\/h3><div class=\"desc\"><ul><li><b>Pays: <\/b><span style=\"font-weight: 400;\">Nig\u00e9ria, Ghana, Kenya<\/span><\/li><li><b>Objectif: <\/b><span style=\"font-weight: 400;\">contr\u00f4le des flatoxines gr\u00e2ce \u00e0 (1) la s\u00e9lection pour la r\u00e9sistance aux aflatoxines dans les cultures de base de ma\u00efs et d'arachide avec des b\u00e9n\u00e9fices en vitamine E au Kenya et (2) le renforcement des r\u00e9seaux de collaboration de mani\u00e8re durable gr\u00e2ce \u00e0 une innovation de convergence alimentaire au Nigeria et au Ghana. L\u2019objectif est d\u2019introduire la gestion des mycotoxines.<\/span><\/li><li><b>Solution propos\u00e9e:<\/b><span style=\"font-weight: 400;\"> Co-cr\u00e9er un r\u00e9seau entre les parties prenantes pour am\u00e9liorer le flux et la tra\u00e7abilit\u00e9 des cultures vivri\u00e8res prot\u00e9g\u00e9es des niveaux dangereux d'aflatoxines. Renforcer la capacit\u00e9 des acteurs de la cha\u00eene de valeur dans la gestion de l'aflatoxine pour am\u00e9liorer la sant\u00e9 publique et l'acc\u00e8s au march\u00e9. La rentabilit\u00e9 des strat\u00e9gies\/pratiques existantes pour le contr\u00f4le des aflatoxines (y compris la gestion des c\u00e9r\u00e9ales contamin\u00e9es) sera \u00e9valu\u00e9e, class\u00e9e et int\u00e9gr\u00e9e dans des modules de formation.<\/span><\/li><li><b>Acteurs impliqu\u00e9s :<\/b><span style=\"font-weight: 400;\"> Acteurs inclus dans la plateforme Food Convergence Innovation \u2013 Nigeria, le Ghana Grains Council, la Food and Drugs Authority (Ghana), le Comit\u00e9 directeur national pour le contr\u00f4le de l\u2019aflatoxine et le complexe hospitalier universitaire Obafemi Awolowo (OAUTHC) pour les essais biologiques (Nig\u00e9ria).<\/span><\/li><li><b>Chaine de valeur:<\/b> Vari\u00e9t\u00e9s d'arachide et de ma\u00efs<\/li><\/ul><\/div>                <\/div>\n                    <\/div>\n        \t\t\t\t<\/div>\n\t\t\t\t<\/div>\n\t\t\t\t<\/div>\n\t\t<div class=\"elementor-element elementor-element-b258ba8 e-con-full e-flex e-con e-child\" data-id=\"b258ba8\" data-element_type=\"container\" data-e-type=\"container\">\n\t\t\t\t<div class=\"elementor-element elementor-element-8fdcd04 custom-image-box-2 image-box-style-3 elementor-widget elementor-widget-mae-image-box\" data-id=\"8fdcd04\" data-element_type=\"widget\" data-e-type=\"widget\" data-widget_type=\"mae-image-box.default\">\n\t\t\t\t<div class=\"elementor-widget-container\">\n\t\t\t\t\t                <div class=\"master-image-box\">\n                            <div class=\"thumb\"><div class=\"inner\"><img decoding=\"async\" width=\"690\" height=\"500\" src=\"https:\/\/foodsafety4africa.eu\/wp-content\/uploads\/2024\/02\/Pesticides.jpg\" class=\"attachment-full size-full\" alt=\"\" srcset=\"https:\/\/foodsafety4africa.eu\/wp-content\/uploads\/2024\/02\/Pesticides.jpg 690w, https:\/\/foodsafety4africa.eu\/wp-content\/uploads\/2024\/02\/Pesticides-300x217.jpg 300w\" sizes=\"(max-width: 690px) 100vw, 690px\" \/><\/div><\/div>\n                <div class=\"content-wrap\">\n                    <div class=\"icon-wrap\"><div class=\"master-icon\"><i class=\"agi agi-sprout\"><\/i><\/div><\/div><h3 class=\"headline-2 translation-block\">Cas pratique 2 :<br>R\u00e9duction de l'utilisation et<br> du mauvais usage des pesticides<\/h3><div class=\"desc\"><ul><li style=\"font-weight: 400;\" aria-level=\"2\"><b>Pays: <\/b><span style=\"font-weight: 400;\">B\u00e9nin, Ghana, Nig\u00e9ria<\/span><\/li><li style=\"font-weight: 400;\" aria-level=\"2\"><b>Objectif: <\/b><span style=\"font-weight: 400;\">Promouvoir des solutions qui minimisent l\u2019utilisation abusive des pesticides pendant la production et dans la gestion apr\u00e8s r\u00e9colte des l\u00e9gumineuses et des l\u00e9gumes. D\u00e9veloppement des capacit\u00e9s sur l'utilisation du stockage herm\u00e9tique, y compris l'utilisation de sacs PICS et<\/span><\/li><li style=\"font-weight: 400;\" aria-level=\"2\"><b>Solution propos\u00e9e:<\/b><span style=\"font-weight: 400;\"> Am\u00e9liorations des processus post-r\u00e9colte des l\u00e9gumes et des c\u00e9r\u00e9ales, d\u00e9veloppement de voies strat\u00e9giques pour la gestion des pesticides et la gestion de la r\u00e9sistance. Renforcement des capacit\u00e9s sur l\u2019utilisation de pratiques am\u00e9lior\u00e9es de gestion post-r\u00e9colte pour les c\u00e9r\u00e9ales et les l\u00e9gumes. Etude du m\u00e9canisme de r\u00e9sistance en vue d'une am\u00e9lioration de la gestion des r\u00e9sistances. Promotion d\u2019un stockage herm\u00e9tique adapt\u00e9 aux d\u00e9taillants, meilleure compr\u00e9hension de la r\u00e9sistance aux antibiotiques dans des sc\u00e9narios s\u00e9lectionn\u00e9s.<\/span><\/li><li style=\"font-weight: 400;\" aria-level=\"2\"><b>Acteurs impliqu\u00e9s :<\/b><span style=\"font-weight: 400;\"> L'Unit\u00e9 One Health de l'IITA a lanc\u00e9 des recherches (avec des partenaires dont l'ILRI et le Centre mondial des l\u00e9gumes (AVDRC) pour d\u00e9tecter, contr\u00f4ler les r\u00e9sidus de pesticides et d\u00e9terminer leur effet sur la r\u00e9sistance aux antimicrobiens. Le cas d'utilisation implique les consommateurs et les agriculteurs comme finalit\u00e9 principale. utilisateurs des strat\u00e9gies de s\u00e9curit\u00e9.<\/span><\/li><li style=\"font-weight: 400;\" aria-level=\"2\"><b>Chaine de valeur:<\/b> L\u00e9gumes et l\u00e9gumineuses<\/li><\/ul><\/div>                <\/div>\n                    <\/div>\n        \t\t\t\t<\/div>\n\t\t\t\t<\/div>\n\t\t\t\t<\/div>\n\t\t<div class=\"elementor-element elementor-element-8653017 e-con-full e-flex e-con e-child\" data-id=\"8653017\" data-element_type=\"container\" data-e-type=\"container\">\n\t\t\t\t<div class=\"elementor-element elementor-element-8fa4810 custom-image-box-2 image-box-style-3 elementor-widget elementor-widget-mae-image-box\" data-id=\"8fa4810\" data-element_type=\"widget\" data-e-type=\"widget\" data-widget_type=\"mae-image-box.default\">\n\t\t\t\t<div class=\"elementor-widget-container\">\n\t\t\t\t\t                <div class=\"master-image-box\">\n                            <div class=\"thumb\"><div class=\"inner\"><img decoding=\"async\" width=\"690\" height=\"500\" src=\"https:\/\/foodsafety4africa.eu\/wp-content\/uploads\/2024\/02\/vegandfish.jpg\" class=\"attachment-full size-full\" alt=\"\" srcset=\"https:\/\/foodsafety4africa.eu\/wp-content\/uploads\/2024\/02\/vegandfish.jpg 690w, https:\/\/foodsafety4africa.eu\/wp-content\/uploads\/2024\/02\/vegandfish-300x217.jpg 300w\" sizes=\"(max-width: 690px) 100vw, 690px\" \/><\/div><\/div>\n                <div class=\"content-wrap\">\n                    <div class=\"icon-wrap\"><div class=\"master-icon\"><i class=\"agi agi-plant\"><\/i><\/div><\/div><h3 class=\"headline-2\">Cas pratique 3 :<br\/>Production de l\u00e9gumes et de poisson s\u00fbre et saine gr\u00e2ce \u00e0 une plateforme en ligne et \u00e0 la communication mobile<\/h3><div class=\"desc\"><ul><li style=\"font-weight: 400;\" aria-level=\"2\"><b>Pays: <\/b><span style=\"font-weight: 400;\">Nigeria, Cameroon\u00a0<\/span><\/li><li style=\"font-weight: 400;\" aria-level=\"2\"><b>Objectif: <\/b><span style=\"font-weight: 400;\">Assurer la s\u00e9curit\u00e9 de l'eau recircul\u00e9e dans les syst\u00e8mes d'aquaculture en recirculation (RAS) cultivant \u00e0 la fois des poissons et des l\u00e9gumes d'\u00e9levage, ainsi que des produits r\u00e9colt\u00e9s dans ces installations pour \u00eatre utilis\u00e9s comme aliments.<\/span><\/li><li style=\"font-weight: 400;\" aria-level=\"2\"><b>Solution propos\u00e9e:<\/b><span style=\"font-weight: 400;\"> Certification de l'installation hydroponique et des l\u00e9gumes d\u00e9riv\u00e9s ainsi que des fruits de mer pour le respect des normes d'hygi\u00e8ne. Des informations compl\u00e8tes sur le processus de production sont mises \u00e0 la disposition des clients finaux du produit. Des solutions bas\u00e9es sur le microbiome pour maintenir la sant\u00e9 des poissons afin de rendre superflus les antibiotiques et autres traitements chimiques ind\u00e9sirables.<\/span><\/li><li style=\"font-weight: 400;\" aria-level=\"2\"><b>Acteurs impliqu\u00e9s :<\/b><span style=\"font-weight: 400;\"> Les acteurs impliqu\u00e9s comprennent ADC, UniBw M, l'Universit\u00e9 d'Ibadan, des fournisseurs de technologie pour les installations d'aquaculture\/hydroponie, des installations de tests en laboratoire pour mesurer la charge pathog\u00e8ne et chimique de l'eau et des produits dans l'installation, une coop\u00e9rative de femmes impliqu\u00e9es dans la culture des produits, et une communaut\u00e9 de pisciculteurs.<\/span><\/li><li style=\"font-weight: 400;\" aria-level=\"2\"><b>Chaine de valeur: <\/b><span>Aquacultures (poissons et l\u00e9gumes)<\/span><\/li><\/ul><\/div>                <\/div>\n                    <\/div>\n        \t\t\t\t<\/div>\n\t\t\t\t<\/div>\n\t\t\t\t<\/div>\n\t\t<div class=\"elementor-element elementor-element-f06e9df e-con-full e-flex e-con e-child\" data-id=\"f06e9df\" data-element_type=\"container\" data-e-type=\"container\">\n\t\t\t\t<div class=\"elementor-element elementor-element-3af7348 custom-image-box-2 image-box-style-3 elementor-widget elementor-widget-mae-image-box\" data-id=\"3af7348\" data-element_type=\"widget\" data-e-type=\"widget\" data-widget_type=\"mae-image-box.default\">\n\t\t\t\t<div class=\"elementor-widget-container\">\n\t\t\t\t\t                <div class=\"master-image-box\">\n                            <div class=\"thumb\"><div class=\"inner\"><img loading=\"lazy\" decoding=\"async\" width=\"690\" height=\"500\" src=\"https:\/\/foodsafety4africa.eu\/wp-content\/uploads\/2024\/02\/tomatoes.jpg\" class=\"attachment-full size-full\" alt=\"\" srcset=\"https:\/\/foodsafety4africa.eu\/wp-content\/uploads\/2024\/02\/tomatoes.jpg 690w, https:\/\/foodsafety4africa.eu\/wp-content\/uploads\/2024\/02\/tomatoes-300x217.jpg 300w\" sizes=\"(max-width: 690px) 100vw, 690px\" \/><\/div><\/div>\n                <div class=\"content-wrap\">\n                    <div class=\"icon-wrap\"><div class=\"master-icon\"><i class=\"agi agi-fruits-and-vegetables\"><\/i><\/div><\/div><h3 class=\"headline-2 translation-block\">Cas pratique 4 :<br>Qualit\u00e9 microbiologique des tomates<br>et des l\u00e9gumes-feuilles, de la ferme \u00e0 l'assiette<\/h3><div class=\"desc\"><ul><li style=\"font-weight: 400;\" aria-level=\"2\"><b>Pays: <\/b><span style=\"font-weight: 400;\">Afrique du Sud<\/span><\/li><li style=\"font-weight: 400;\" aria-level=\"2\"><b>Objectif: <\/b><span style=\"font-weight: 400;\">\u00c9liminer la contamination des tomates et des l\u00e9gumes-feuilles (produits et vendus par les petits agriculteurs) par des agents pathog\u00e8nes bact\u00e9riens tels que <\/span><i><span style=\"font-weight: 400;\">Escherichia coli\u00a0 <\/span><\/i><span style=\"font-weight: 400;\">et <\/span><i><span style=\"font-weight: 400;\">Salmonella spp<\/span><\/i><span style=\"font-weight: 400;\">. en raison de conditions insalubres pendant les \u00e9tapes de production avant et apr\u00e8s la r\u00e9colte.<\/span><\/li><li style=\"font-weight: 400;\" aria-level=\"2\"><b>Solution propos\u00e9e:<\/b><span style=\"font-weight: 400;\"> Surveillance \u00e0 long terme des agents pathog\u00e8nes au sein du lien entre les plantes aquatiques et tout au long de la cha\u00eene d'approvisionnement. Utilisation de points de contr\u00f4le \u00e0 la ferme et au point de vente et analyses r\u00e9alis\u00e9es par des laboratoires. Les outils suppl\u00e9mentaires incluraient l'utilisation d'une plate-forme de connaissances am\u00e9lior\u00e9e par l'IA, d\u00e9velopp\u00e9e avec le projet et accessible via des appareils mobiles, afin que, par exemple, des strat\u00e9gies adapt\u00e9es d'att\u00e9nuation des risques puissent \u00eatre appliqu\u00e9es par les petits exploitants. Des solutions bas\u00e9es sur le microbiome pour la d\u00e9tection des agents pathog\u00e8nes seront \u00e9galement explor\u00e9es.<\/span><\/li><li style=\"font-weight: 400;\" aria-level=\"2\"><b>Acteurs impliqu\u00e9s :<\/b><span style=\"font-weight: 400;\"> L'UP et les autorit\u00e9s r\u00e9gionales de tutelle de l'agriculture seront impliqu\u00e9es respectivement dans la formation des agriculteurs et la collecte d'\u00e9chantillons.<\/span><\/li><li aria-level=\"2\"><b>Chaine de valeur:<\/b> Tomates et l\u00e9gumes-feuilles<\/li><\/ul><\/div>                <\/div>\n                    <\/div>\n        \t\t\t\t<\/div>\n\t\t\t\t<\/div>\n\t\t\t\t<\/div>\n\t\t\t\t\t<\/div>\n\t\t\t\t<\/div>\n\t\t\t\t<div class=\"elementor-element elementor-element-83b4ea9 elementor-widget elementor-widget-spacer\" data-id=\"83b4ea9\" data-element_type=\"widget\" data-e-type=\"widget\" data-widget_type=\"spacer.default\">\n\t\t\t\t<div class=\"elementor-widget-container\">\n\t\t\t\t\t\t\t<div class=\"elementor-spacer\">\n\t\t\t<div class=\"elementor-spacer-inner\"><\/div>\n\t\t<\/div>\n\t\t\t\t\t\t<\/div>\n\t\t\t\t<\/div>\n\t\t\t\t\t<\/div>\n\t\t<\/div>\n\t\t\t\t\t<\/div>\n\t\t<\/section>\n\t\t\t\t<section class=\"elementor-section elementor-top-section elementor-element elementor-element-c092f63 elementor-section-full_width elementor-section-stretched light-animation right elementor-section-height-default elementor-section-height-default\" data-id=\"c092f63\" data-element_type=\"section\" data-e-type=\"section\" data-settings=\"{&quot;stretch_section&quot;:&quot;section-stretched&quot;,&quot;background_background&quot;:&quot;classic&quot;}\">\n\t\t\t\t\t\t<div class=\"elementor-container elementor-column-gap-no\">\n\t\t\t\t\t<div class=\"elementor-column elementor-col-100 elementor-top-column elementor-element elementor-element-b75367a\" data-id=\"b75367a\" data-element_type=\"column\" data-e-type=\"column\">\n\t\t\t<div class=\"elementor-widget-wrap elementor-element-populated\">\n\t\t\t\t\t\t<div class=\"elementor-element elementor-element-3691d88 elementor-widget elementor-widget-spacer\" data-id=\"3691d88\" data-element_type=\"widget\" data-e-type=\"widget\" data-widget_type=\"spacer.default\">\n\t\t\t\t<div class=\"elementor-widget-container\">\n\t\t\t\t\t\t\t<div class=\"elementor-spacer\">\n\t\t\t<div class=\"elementor-spacer-inner\"><\/div>\n\t\t<\/div>\n\t\t\t\t\t\t<\/div>\n\t\t\t\t<\/div>\n\t\t\t\t<div class=\"elementor-element elementor-element-76b719e align-center heading-default elementor-widget elementor-widget-mae-headings\" data-id=\"76b719e\" data-element_type=\"widget\" data-e-type=\"widget\" data-widget_type=\"mae-headings.default\">\n\t\t\t\t<div class=\"elementor-widget-container\">\n\t\t\t\t\t\t\t<div class=\"master-heading sep-none\">\n\t\t\t\t        \t        \t<div class=\"pre-heading\"><span class=\"line\"><span class=\"inner\"><\/span><\/span>Inscription \u00e0 la Newsletter<\/div>\n\t        \n\t        \n\t        \t        <h2 class=\"main-heading\">En savoir plus sur le projet<\/h2>\n\t        \n\t        \n\t        \t    <\/div>\n\t    \t\t\t\t<\/div>\n\t\t\t\t<\/div>\n\t\t<div class=\"elementor-element elementor-element-461b4e0 e-flex e-con-boxed e-con e-parent\" data-id=\"461b4e0\" data-element_type=\"container\" data-e-type=\"container\">\n\t\t\t\t\t<div class=\"e-con-inner\">\n\t\t\t\t<div class=\"elementor-element elementor-element-0384866 elementor-widget elementor-widget-spacer\" data-id=\"0384866\" data-element_type=\"widget\" data-e-type=\"widget\" data-widget_type=\"spacer.default\">\n\t\t\t\t<div class=\"elementor-widget-container\">\n\t\t\t\t\t\t\t<div class=\"elementor-spacer\">\n\t\t\t<div class=\"elementor-spacer-inner\"><\/div>\n\t\t<\/div>\n\t\t\t\t\t\t<\/div>\n\t\t\t\t<\/div>\n\t\t\t\t<div class=\"elementor-element elementor-element-8074f58 elementor-button-align-end elementor-widget elementor-widget-form\" data-id=\"8074f58\" data-element_type=\"widget\" data-e-type=\"widget\" data-settings=\"{&quot;button_width&quot;:&quot;30&quot;,&quot;step_next_label&quot;:&quot;Next&quot;,&quot;step_previous_label&quot;:&quot;Previous&quot;,&quot;step_type&quot;:&quot;number_text&quot;,&quot;step_icon_shape&quot;:&quot;circle&quot;}\" data-widget_type=\"form.default\">\n\t\t\t\t<div class=\"elementor-widget-container\">\n\t\t\t\t\t\t\t<form class=\"elementor-form\" method=\"post\" name=\"New Form\" aria-label=\"New Form\" action=\"\">\n\t\t\t<input type=\"hidden\" name=\"post_id\" value=\"3715\"\/>\n\t\t\t<input type=\"hidden\" name=\"form_id\" value=\"8074f58\"\/>\n\t\t\t<input type=\"hidden\" name=\"referer_title\" value=\"Use Cases - Food Safety for Africa\" \/>\n\n\t\t\t\t\t\t\t<input type=\"hidden\" name=\"queried_id\" value=\"3715\"\/>\n\t\t\t\n\t\t\t<div class=\"elementor-form-fields-wrapper elementor-labels-\">\n\t\t\t\t\t\t\t\t<div class=\"elementor-field-type-email elementor-field-group elementor-column elementor-field-group-email elementor-col-100 elementor-field-required\">\n\t\t\t\t\t\t\t\t\t\t\t\t<label for=\"form-field-email\" class=\"elementor-field-label elementor-screen-only\">\n\t\t\t\t\t\t\t\tEmail\t\t\t\t\t\t\t<\/label>\n\t\t\t\t\t\t\t\t\t\t\t\t\t\t<input size=\"1\" type=\"email\" name=\"form_fields[email]\" id=\"form-field-email\" class=\"elementor-field elementor-size-sm  elementor-field-textual\" placeholder=\"Votre adresse e-mail\" required=\"required\">\n\t\t\t\t\t\t\t\t\t\t\t<\/div>\n\t\t\t\t\t\t\t\t<div class=\"elementor-field-type-acceptance elementor-field-group elementor-column elementor-field-group-field_b10f1a4 elementor-col-70\">\n\t\t\t\t\t\t\t\t\t\t\t\t<label for=\"form-field-field_b10f1a4\" class=\"elementor-field-label elementor-screen-only\">\n\t\t\t\t\t\t\t\tGDPR\t\t\t\t\t\t\t<\/label>\n\t\t\t\t\t\t\t\t<div class=\"elementor-field-subgroup\">\n\t\t\t<span class=\"elementor-field-option\">\n\t\t\t\t<input type=\"checkbox\" name=\"form_fields[field_b10f1a4]\" id=\"form-field-field_b10f1a4\" class=\"elementor-field elementor-size-sm  elementor-acceptance-field\">\n\t\t\t\t<label for=\"form-field-field_b10f1a4\" class=\"translation-block\">J'accepte les conditions de la <a href=\"\/fr\/privacy-policy\/\" target=\"_self\">Politique de confidentialit\u00e9<\/a><\/label>\t\t\t<\/span>\n\t\t<\/div>\n\t\t\t\t\t\t<\/div>\n\t\t\t\t\t\t\t\t<div class=\"elementor-field-group elementor-column elementor-field-type-submit elementor-col-30 e-form__buttons\">\n\t\t\t\t\t<button class=\"elementor-button elementor-size-md\" type=\"submit\">\n\t\t\t\t\t\t<span class=\"elementor-button-content-wrapper\">\n\t\t\t\t\t\t\t\t\t\t\t\t\t\t\t<span class=\"elementor-button-icon\">\n\t\t\t\t\t\t\t\t\t<i aria-hidden=\"true\" class=\"far fa-paper-plane\"><\/i>\t\t\t\t\t\t\t\t\t\t\t\t\t\t\t\t\t<\/span>\n\t\t\t\t\t\t\t\t\t\t\t\t\t\t\t\t\t\t\t\t\t\t<span class=\"elementor-button-text\">S'abonner<\/span>\n\t\t\t\t\t\t\t\t\t\t\t\t\t<\/span>\n\t\t\t\t\t<\/button>\n\t\t\t\t<\/div>\n\t\t\t<\/div>\n\t\t<input type=\"hidden\" name=\"trp-form-language\" value=\"fr\"\/><\/form>\n\t\t\t\t\t\t<\/div>\n\t\t\t\t<\/div>\n\t\t\t\t\t<\/div>\n\t\t\t\t<\/div>\n\t\t\t\t<div class=\"elementor-element elementor-element-0739b70 elementor-widget elementor-widget-spacer\" data-id=\"0739b70\" data-element_type=\"widget\" data-e-type=\"widget\" data-widget_type=\"spacer.default\">\n\t\t\t\t<div class=\"elementor-widget-container\">\n\t\t\t\t\t\t\t<div class=\"elementor-spacer\">\n\t\t\t<div class=\"elementor-spacer-inner\"><\/div>\n\t\t<\/div>\n\t\t\t\t\t\t<\/div>\n\t\t\t\t<\/div>\n\t\t\t\t\t<\/div>\n\t\t<\/div>\n\t\t\t\t\t<\/div>\n\t\t<\/section>\n\t\t\t\t<\/div>\n\t\t\n    <div class=\"xs_social_share_widget xs_share_url after_content \t\tmain_content  wslu-style-1 wslu-share-box-shaped wslu-fill-colored wslu-none wslu-share-horizontal wslu-theme-font-no wslu-main_content\">\n\n\t\t\n        <ul>\n\t\t\t        <\/ul>\n    <\/div>","protected":false},"excerpt":{"rendered":"<p>Use Case 1:Sustainable Aflatoxin Management through a Food Convergence Innovation approach Countries: Nigeria, Ghana, Kenya Objective: Aflatoxin control through (1) breeding for aflatoxin resistance in staple crops of maize and groundnut with vitamin E benefits in Kenya and (2) strengthening of collaborative networks sustainably through a food convergence innovation in<\/p>","protected":false},"author":1,"featured_media":0,"parent":0,"menu_order":0,"comment_status":"closed","ping_status":"closed","template":"","meta":{"inline_featured_image":false,"iawp_total_views":242,"footnotes":""},"class_list":["post-3715","page","type-page","status-publish","hentry"],"_links":{"self":[{"href":"https:\/\/foodsafety4africa.eu\/fr\/wp-json\/wp\/v2\/pages\/3715","targetHints":{"allow":["GET"]}}],"collection":[{"href":"https:\/\/foodsafety4africa.eu\/fr\/wp-json\/wp\/v2\/pages"}],"about":[{"href":"https:\/\/foodsafety4africa.eu\/fr\/wp-json\/wp\/v2\/types\/page"}],"author":[{"embeddable":true,"href":"https:\/\/foodsafety4africa.eu\/fr\/wp-json\/wp\/v2\/users\/1"}],"replies":[{"embeddable":true,"href":"https:\/\/foodsafety4africa.eu\/fr\/wp-json\/wp\/v2\/comments?post=3715"}],"version-history":[{"count":10,"href":"https:\/\/foodsafety4africa.eu\/fr\/wp-json\/wp\/v2\/pages\/3715\/revisions"}],"predecessor-version":[{"id":4980,"href":"https:\/\/foodsafety4africa.eu\/fr\/wp-json\/wp\/v2\/pages\/3715\/revisions\/4980"}],"wp:attachment":[{"href":"https:\/\/foodsafety4africa.eu\/fr\/wp-json\/wp\/v2\/media?parent=3715"}],"curies":[{"name":"wp","href":"https:\/\/api.w.org\/{rel}","templated":true}]}}