{"id":3936,"date":"2024-03-20T13:11:55","date_gmt":"2024-03-20T13:11:55","guid":{"rendered":"https:\/\/foodsafety4africa.eu\/?page_id=3936"},"modified":"2024-03-28T20:24:48","modified_gmt":"2024-03-28T20:24:48","slug":"results","status":"publish","type":"page","link":"https:\/\/foodsafety4africa.eu\/sl\/fs4africa\/results\/","title":{"rendered":"Rezultati"},"content":{"rendered":"<div data-elementor-type=\"wp-page\" data-elementor-id=\"3936\" class=\"elementor elementor-3936\" data-elementor-post-type=\"page\">\n\t\t\t\t<div class=\"elementor-element elementor-element-d60128b e-con-full e-flex e-con e-parent\" data-id=\"d60128b\" data-element_type=\"container\" data-e-type=\"container\">\n\t\t<div class=\"elementor-element elementor-element-fc3af7c e-flex e-con-boxed e-con e-child\" data-id=\"fc3af7c\" data-element_type=\"container\" data-e-type=\"container\">\n\t\t\t\t\t<div class=\"e-con-inner\">\n\t\t\t\t<div class=\"elementor-element elementor-element-422518d align-center heading-default elementor-widget elementor-widget-mae-headings\" data-id=\"422518d\" data-element_type=\"widget\" data-e-type=\"widget\" data-widget_type=\"mae-headings.default\">\n\t\t\t\t<div class=\"elementor-widget-container\">\n\t\t\t\t\t\t\t<div class=\"master-heading sep-none\">\n\t\t\t\t        \t        \t<div class=\"pre-heading\"><span class=\"line\"><span class=\"inner\"><\/span><\/span>FS4Africa<\/div>\n\t        \n\t        \n\t        \t        <h2 class=\"main-heading\">Rezultati<\/h2>\n\t        \n\t        \n\t        \t    <\/div>\n\t    \t\t\t\t<\/div>\n\t\t\t\t<\/div>\n\t\t\t\t\t<\/div>\n\t\t\t\t<\/div>\n\t\t<div class=\"elementor-element elementor-element-b0253c1 e-con-full e-flex e-con e-child\" data-id=\"b0253c1\" data-element_type=\"container\" data-e-type=\"container\">\n\t\t\t\t<div class=\"elementor-element elementor-element-8316dce elementor-widget elementor-widget-mae-image-morphing\" data-id=\"8316dce\" data-element_type=\"widget\" data-e-type=\"widget\" data-widget_type=\"mae-image-morphing.default\">\n\t\t\t\t<div class=\"elementor-widget-container\">\n\t\t\t\t\t\n                <div class=\"master-wrap\">\n                                <div class=\"master-decor html elementor-repeater-item-ed211b8\">\n                                            <\/div>\n                \n\t\t<div class=\"master-image-morphing\" data-config='{\"repeat\":10,\"duration\":5000}'>\n\t\t\t<svg viewbox=\"\">\n                                    <clippath id=\"clip2084897599\">\n                        <path d=\"M 94.7303 124.45C 37.6879 145.918 39.743 147.892 33.2237 112.891C 26.7044 77.8904 -20.0016 75.3768 9.914 28.6733C 39.8296 -18.0302 145.625 -3.39022 139.766 41.766C 133.907 86.9223 151.773 102.983 94.7303 124.45Z\"><\/path>\n                    <\/clippath>        \n                                    <clippath >\n                        <path d=\"M 140 70C 140 108.66 108.66 140 70 140C 31.3401 140 0 108.66 0 70C 0 31.3401 31.3401 0 70 0C 108.66 0 140 31.3401 140 70Z\"><\/path>\n                    <\/clippath>        \n                                    <clippath >\n                        <path d=\"M 60.2019 139.968C 10.0264 141.87 -15.9066 59.2741 10.4905 15.8247C 36.8876 -27.6246 60.2019 30.8118 74.8044 43.5304C 89.4069 56.2491 129.333 5.46655 138.59 26.0864C 147.847 46.7062 110.377 138.065 60.2019 139.968Z\"><\/path>\n                    <\/clippath>        \n                                <g clip-path=\"url(#clip2084897599)\">\n                                            <image xlink:href=\"https:\/\/foodsafety4africa.eu\/wp-content\/uploads\/2024\/02\/green.png\" width=\"1724\" height=\"1724\"><\/image>       \n                                    <\/g>\n            <\/svg>\n\n            \t\t<\/div>\n\t\t<\/div>\t\t\t\t<\/div>\n\t\t\t\t<\/div>\n\t\t<div class=\"elementor-element elementor-element-3b327e1 e-flex e-con-boxed e-con e-child\" data-id=\"3b327e1\" data-element_type=\"container\" data-e-type=\"container\">\n\t\t\t\t\t<div class=\"e-con-inner\">\n\t\t\t\t<div class=\"elementor-element elementor-element-d7468cd elementor-widget elementor-widget-heading\" data-id=\"d7468cd\" data-element_type=\"widget\" data-e-type=\"widget\" data-widget_type=\"heading.default\">\n\t\t\t\t<div class=\"elementor-widget-container\">\n\t\t\t\t\t<h3 class=\"elementor-heading-title elementor-size-default\">Popis in priporo\u010dila politike varnosti hrane<\/h3>\t\t\t\t<\/div>\n\t\t\t\t<\/div>\n\t\t\t\t<div class=\"elementor-element elementor-element-d82a506 elementor-widget elementor-widget-spacer\" data-id=\"d82a506\" data-element_type=\"widget\" data-e-type=\"widget\" data-widget_type=\"spacer.default\">\n\t\t\t\t<div class=\"elementor-widget-container\">\n\t\t\t\t\t\t\t<div class=\"elementor-spacer\">\n\t\t\t<div class=\"elementor-spacer-inner\"><\/div>\n\t\t<\/div>\n\t\t\t\t\t\t<\/div>\n\t\t\t\t<\/div>\n\t\t\t\t<div class=\"elementor-element elementor-element-1df83a2 elementor-widget elementor-widget-text-editor\" data-id=\"1df83a2\" data-element_type=\"widget\" data-e-type=\"widget\" data-widget_type=\"text-editor.default\">\n\t\t\t\t<div class=\"elementor-widget-container\">\n\t\t\t\t\t\t\t\t\t<ul><li>Pristopi in najbolj\u0161e prakse na podro\u010dju varnosti hrane (\u22653 opredeljeni in analizirani pristopi in najbolj\u0161e prakse na podro\u010dju varnosti hrane)<\/li><li>Priporo\u010dila politike (\u22655 belih knjig s priporo\u010dili\/smernicami)<\/li><\/ul>\t\t\t\t\t\t\t\t<\/div>\n\t\t\t\t<\/div>\n\t\t\t\t\t<\/div>\n\t\t\t\t<\/div>\n\t\t\t\t<\/div>\n\t\t<div class=\"elementor-element elementor-element-96de12a e-con-full e-flex e-con e-child\" data-id=\"96de12a\" data-element_type=\"container\" data-e-type=\"container\">\n\t\t\t\t<div class=\"elementor-element elementor-element-06e2591 elementor-widget elementor-widget-mae-image-morphing\" data-id=\"06e2591\" data-element_type=\"widget\" data-e-type=\"widget\" data-widget_type=\"mae-image-morphing.default\">\n\t\t\t\t<div class=\"elementor-widget-container\">\n\t\t\t\t\t\n                <div class=\"master-wrap\">\n                                <div class=\"master-decor html elementor-repeater-item-ed211b8\">\n                                            <\/div>\n                \n\t\t<div class=\"master-image-morphing\" data-config='{\"repeat\":10,\"duration\":5000}'>\n\t\t\t<svg viewbox=\"\">\n                                    <clippath id=\"clip1379883582\">\n                        <path d=\"M 94.7303 124.45C 37.6879 145.918 39.743 147.892 33.2237 112.891C 26.7044 77.8904 -20.0016 75.3768 9.914 28.6733C 39.8296 -18.0302 145.625 -3.39022 139.766 41.766C 133.907 86.9223 151.773 102.983 94.7303 124.45Z\"><\/path>\n                    <\/clippath>        \n                                    <clippath >\n                        <path d=\"M 60.2019 139.968C 10.0264 141.87 -15.9066 59.2741 10.4905 15.8247C 36.8876 -27.6246 60.2019 30.8118 74.8044 43.5304C 89.4069 56.2491 129.333 5.46655 138.59 26.0864C 147.847 46.7062 110.377 138.065 60.2019 139.968Z\"><\/path>\n                    <\/clippath>        \n                                    <clippath >\n                        <path d=\"M 140 70C 140 108.66 108.66 140 70 140C 31.3401 140 0 108.66 0 70C 0 31.3401 31.3401 0 70 0C 108.66 0 140 31.3401 140 70Z\"><\/path>\n                    <\/clippath>        \n                                <g clip-path=\"url(#clip1379883582)\">\n                                            <image xlink:href=\"https:\/\/foodsafety4africa.eu\/wp-content\/uploads\/2024\/02\/orange.png\" width=\"1726\" height=\"1726\"><\/image>       \n                                    <\/g>\n            <\/svg>\n\n            \t\t<\/div>\n\t\t<\/div>\t\t\t\t<\/div>\n\t\t\t\t<\/div>\n\t\t<div class=\"elementor-element elementor-element-80540e2 e-flex e-con-boxed e-con e-child\" data-id=\"80540e2\" data-element_type=\"container\" data-e-type=\"container\">\n\t\t\t\t\t<div class=\"e-con-inner\">\n\t\t\t\t<div class=\"elementor-element elementor-element-9a127c3 elementor-widget elementor-widget-heading\" data-id=\"9a127c3\" data-element_type=\"widget\" data-e-type=\"widget\" data-widget_type=\"heading.default\">\n\t\t\t\t<div class=\"elementor-widget-container\">\n\t\t\t\t\t<h3 class=\"elementor-heading-title elementor-size-default\">Sti\u010di\u0161\u010de za izmenjavo znanja o varnosti hrane<\/h3>\t\t\t\t<\/div>\n\t\t\t\t<\/div>\n\t\t\t\t<div class=\"elementor-element elementor-element-2e43126 elementor-widget elementor-widget-spacer\" data-id=\"2e43126\" data-element_type=\"widget\" data-e-type=\"widget\" data-widget_type=\"spacer.default\">\n\t\t\t\t<div class=\"elementor-widget-container\">\n\t\t\t\t\t\t\t<div class=\"elementor-spacer\">\n\t\t\t<div class=\"elementor-spacer-inner\"><\/div>\n\t\t<\/div>\n\t\t\t\t\t\t<\/div>\n\t\t\t\t<\/div>\n\t\t\t\t<div class=\"elementor-element elementor-element-64784fa elementor-widget elementor-widget-text-editor\" data-id=\"64784fa\" data-element_type=\"widget\" data-e-type=\"widget\" data-widget_type=\"text-editor.default\">\n\t\t\t\t<div class=\"elementor-widget-container\">\n\t\t\t\t\t\t\t\t\t<ul><li class=\"translation-block\">Platforma znanja o varnosti hrane<\/li><li>Zakonodajno in regulativno podro\u010dje varnosti hrane<\/li><li>Smernice za oblikovalce politik za izbolj\u0161anje varnosti hrane<\/li><\/ul>\t\t\t\t\t\t\t\t<\/div>\n\t\t\t\t<\/div>\n\t\t\t\t\t<\/div>\n\t\t\t\t<\/div>\n\t\t\t\t<\/div>\n\t\t<div class=\"elementor-element elementor-element-1a11d4a e-con-full e-flex e-con e-child\" data-id=\"1a11d4a\" data-element_type=\"container\" data-e-type=\"container\">\n\t\t\t\t<div class=\"elementor-element elementor-element-b826c58 elementor-widget elementor-widget-mae-image-morphing\" data-id=\"b826c58\" data-element_type=\"widget\" data-e-type=\"widget\" data-widget_type=\"mae-image-morphing.default\">\n\t\t\t\t<div class=\"elementor-widget-container\">\n\t\t\t\t\t\n                <div class=\"master-wrap\">\n                                <div class=\"master-decor html elementor-repeater-item-ed211b8\">\n                                            <\/div>\n                \n\t\t<div class=\"master-image-morphing\" data-config='{\"repeat\":10,\"duration\":5000}'>\n\t\t\t<svg viewbox=\"\">\n                                    <clippath id=\"clip197419062\">\n                        <path d=\"M 60.2019 139.968C 10.0264 141.87 -15.9066 59.2741 10.4905 15.8247C 36.8876 -27.6246 60.2019 30.8118 74.8044 43.5304C 89.4069 56.2491 129.333 5.46655 138.59 26.0864C 147.847 46.7062 110.377 138.065 60.2019 139.968Z\"><\/path>\n                    <\/clippath>        \n                                    <clippath >\n                        <path d=\"M 140 70C 140 108.66 108.66 140 70 140C 31.3401 140 0 108.66 0 70C 0 31.3401 31.3401 0 70 0C 108.66 0 140 31.3401 140 70Z\"><\/path>\n                    <\/clippath>        \n                                    <clippath >\n                        <path d=\"M 94.7303 124.45C 37.6879 145.918 39.743 147.892 33.2237 112.891C 26.7044 77.8904 -20.0016 75.3768 9.914 28.6733C 39.8296 -18.0302 145.625 -3.39022 139.766 41.766C 133.907 86.9223 151.773 102.983 94.7303 124.45Z\"><\/path>\n                    <\/clippath>        \n                                <g clip-path=\"url(#clip197419062)\">\n                                            <image xlink:href=\"https:\/\/foodsafety4africa.eu\/wp-content\/uploads\/2024\/02\/red.png\" width=\"1726\" height=\"1726\"><\/image>       \n                                    <\/g>\n            <\/svg>\n\n            \t\t<\/div>\n\t\t<\/div>\t\t\t\t<\/div>\n\t\t\t\t<\/div>\n\t\t<div class=\"elementor-element elementor-element-333b532 e-flex e-con-boxed e-con e-child\" data-id=\"333b532\" data-element_type=\"container\" data-e-type=\"container\">\n\t\t\t\t\t<div class=\"e-con-inner\">\n\t\t\t\t<div class=\"elementor-element elementor-element-f982c0e elementor-widget elementor-widget-heading\" data-id=\"f982c0e\" data-element_type=\"widget\" data-e-type=\"widget\" data-widget_type=\"heading.default\">\n\t\t\t\t<div class=\"elementor-widget-container\">\n\t\t\t\t\t<h3 class=\"elementor-heading-title elementor-size-default\">Okvir za izbolj\u0161anje varnosti hrane<\/h3>\t\t\t\t<\/div>\n\t\t\t\t<\/div>\n\t\t\t\t<div class=\"elementor-element elementor-element-58fa472 elementor-widget elementor-widget-spacer\" data-id=\"58fa472\" data-element_type=\"widget\" data-e-type=\"widget\" data-widget_type=\"spacer.default\">\n\t\t\t\t<div class=\"elementor-widget-container\">\n\t\t\t\t\t\t\t<div class=\"elementor-spacer\">\n\t\t\t<div class=\"elementor-spacer-inner\"><\/div>\n\t\t<\/div>\n\t\t\t\t\t\t<\/div>\n\t\t\t\t<\/div>\n\t\t\t\t<div class=\"elementor-element elementor-element-3f18273 elementor-widget elementor-widget-text-editor\" data-id=\"3f18273\" data-element_type=\"widget\" data-e-type=\"widget\" data-widget_type=\"text-editor.default\">\n\t\t\t\t<div class=\"elementor-widget-container\">\n\t\t\t\t\t\t\t\t\t<ul><li>1 sklop priporo\u010dil in predlogov glede tveganj za varnost hrane in potreb po upravljanju v neformalnem sektorju<\/li><li>E-zemljevid zainteresiranih strani za varnost hrane<\/li><li>Dokumentacija o zagovorni\u0161tvu in komuniciranju (\u22655 poro\u010dil o politiki za odlo\u010danje oblikovalcev politik na podlagi podatkov)<\/li><li>Modelni pristop mezzanine za varnost hrane (Vzor\u010dni pristop za dvig neformalnega sektorja v polneformalni sektor)<\/li><li>4 pilotni sistemi za testiranje in pregled uporabnosti pristopa<\/li><li>Spoznanja iz primerov uporabe (Najbolj\u0161e prakse in ugotovitve pri uvajanju re\u0161itev v \u0161tirih primerih uporabe)<\/li><\/ul>\t\t\t\t\t\t\t\t<\/div>\n\t\t\t\t<\/div>\n\t\t\t\t\t<\/div>\n\t\t\t\t<\/div>\n\t\t\t\t<\/div>\n\t\t<div class=\"elementor-element elementor-element-d95e6f7 e-con-full e-flex e-con e-child\" data-id=\"d95e6f7\" data-element_type=\"container\" data-e-type=\"container\">\n\t\t\t\t<div class=\"elementor-element elementor-element-43e32f4 elementor-widget elementor-widget-mae-image-morphing\" data-id=\"43e32f4\" data-element_type=\"widget\" data-e-type=\"widget\" data-widget_type=\"mae-image-morphing.default\">\n\t\t\t\t<div class=\"elementor-widget-container\">\n\t\t\t\t\t\n                <div class=\"master-wrap\">\n                                <div class=\"master-decor html elementor-repeater-item-ed211b8\">\n                                            <\/div>\n                \n\t\t<div class=\"master-image-morphing\" data-config='{\"repeat\":10,\"duration\":5000}'>\n\t\t\t<svg viewbox=\"\">\n                                    <clippath id=\"clip1233254519\">\n                        <path d=\"M 60.2019 139.968C 10.0264 141.87 -15.9066 59.2741 10.4905 15.8247C 36.8876 -27.6246 60.2019 30.8118 74.8044 43.5304C 89.4069 56.2491 129.333 5.46655 138.59 26.0864C 147.847 46.7062 110.377 138.065 60.2019 139.968Z\"><\/path>\n                    <\/clippath>        \n                                    <clippath >\n                        <path d=\"M 140 70C 140 108.66 108.66 140 70 140C 31.3401 140 0 108.66 0 70C 0 31.3401 31.3401 0 70 0C 108.66 0 140 31.3401 140 70Z\"><\/path>\n                    <\/clippath>        \n                                    <clippath >\n                        <path d=\"M 94.7303 124.45C 37.6879 145.918 39.743 147.892 33.2237 112.891C 26.7044 77.8904 -20.0016 75.3768 9.914 28.6733C 39.8296 -18.0302 145.625 -3.39022 139.766 41.766C 133.907 86.9223 151.773 102.983 94.7303 124.45Z\"><\/path>\n                    <\/clippath>        \n                                <g clip-path=\"url(#clip1233254519)\">\n                                            <image xlink:href=\"https:\/\/foodsafety4africa.eu\/wp-content\/uploads\/2024\/02\/blue.png\" width=\"1725\" height=\"1726\"><\/image>       \n                                    <\/g>\n            <\/svg>\n\n            \t\t<\/div>\n\t\t<\/div>\t\t\t\t<\/div>\n\t\t\t\t<\/div>\n\t\t<div class=\"elementor-element elementor-element-999f1e0 e-flex e-con-boxed e-con e-child\" data-id=\"999f1e0\" data-element_type=\"container\" data-e-type=\"container\">\n\t\t\t\t\t<div class=\"e-con-inner\">\n\t\t\t\t<div class=\"elementor-element elementor-element-089f6da elementor-widget elementor-widget-heading\" data-id=\"089f6da\" data-element_type=\"widget\" data-e-type=\"widget\" data-widget_type=\"heading.default\">\n\t\t\t\t<div class=\"elementor-widget-container\">\n\t\t\t\t\t<h3 class=\"elementor-heading-title elementor-size-default\">FS4Afrika Ekosistem<\/h3>\t\t\t\t<\/div>\n\t\t\t\t<\/div>\n\t\t\t\t<div class=\"elementor-element elementor-element-abc57c7 elementor-widget elementor-widget-spacer\" data-id=\"abc57c7\" data-element_type=\"widget\" data-e-type=\"widget\" data-widget_type=\"spacer.default\">\n\t\t\t\t<div class=\"elementor-widget-container\">\n\t\t\t\t\t\t\t<div class=\"elementor-spacer\">\n\t\t\t<div class=\"elementor-spacer-inner\"><\/div>\n\t\t<\/div>\n\t\t\t\t\t\t<\/div>\n\t\t\t\t<\/div>\n\t\t\t\t<div class=\"elementor-element elementor-element-ee268c9 elementor-widget elementor-widget-text-editor\" data-id=\"ee268c9\" data-element_type=\"widget\" data-e-type=\"widget\" data-widget_type=\"text-editor.default\">\n\t\t\t\t<div class=\"elementor-widget-container\">\n\t\t\t\t\t\t\t\t\t<ul><li>Katalog primerov uporabe<\/li><li>Inovacijska mre\u017ea FS4Africa (\u017eivahen in trajnosten inovacijski ekosistem z \u2265 200 lokalnimi zainteresiranimi stranmi)<\/li><li>Krepitev zmogljivosti (\u226510 inkubacijskih in pospe\u0161evalnih dejavnosti s \u2265100 udele\u017eenci prehranskega sistema, vklju\u010denimi v inkubacijske in pospe\u0161evalne dejavnosti)<\/li><li>Inovativne re\u0161itve javnega razpisa (\u226510 razvitih in sprejetih re\u0161itev)<\/li><\/ul>\t\t\t\t\t\t\t\t<\/div>\n\t\t\t\t<\/div>\n\t\t\t\t\t<\/div>\n\t\t\t\t<\/div>\n\t\t\t\t<\/div>\n\t\t\t\t<\/div>\n\t\t\t\t<\/div>\n\t\t\n    <div class=\"xs_social_share_widget xs_share_url after_content \t\tmain_content  wslu-style-1 wslu-share-box-shaped wslu-fill-colored wslu-none wslu-share-horizontal wslu-theme-font-no wslu-main_content\">\n\n\t\t\n        <ul>\n\t\t\t        <\/ul>\n    <\/div>","protected":false},"excerpt":{"rendered":"<p>FS4Africa Results Food Safety policy inventory and recommendations Food Safety approaches and best practices (\u22653 food safety approaches and best practices identified and analysed) Policy Recommendations (\u22655 whitepapers with recommendations \/ guidelines) Food Safety Knowledge Sharing Hub Food Safety Knowledge Platform Food safety legislative and regulatory landscape Guidelines for policy<\/p>","protected":false},"author":1,"featured_media":0,"parent":1274,"menu_order":4,"comment_status":"closed","ping_status":"closed","template":"","meta":{"inline_featured_image":false,"iawp_total_views":237,"footnotes":""},"class_list":["post-3936","page","type-page","status-publish","hentry"],"_links":{"self":[{"href":"https:\/\/foodsafety4africa.eu\/sl\/wp-json\/wp\/v2\/pages\/3936","targetHints":{"allow":["GET"]}}],"collection":[{"href":"https:\/\/foodsafety4africa.eu\/sl\/wp-json\/wp\/v2\/pages"}],"about":[{"href":"https:\/\/foodsafety4africa.eu\/sl\/wp-json\/wp\/v2\/types\/page"}],"author":[{"embeddable":true,"href":"https:\/\/foodsafety4africa.eu\/sl\/wp-json\/wp\/v2\/users\/1"}],"replies":[{"embeddable":true,"href":"https:\/\/foodsafety4africa.eu\/sl\/wp-json\/wp\/v2\/comments?post=3936"}],"version-history":[{"count":3,"href":"https:\/\/foodsafety4africa.eu\/sl\/wp-json\/wp\/v2\/pages\/3936\/revisions"}],"predecessor-version":[{"id":3939,"href":"https:\/\/foodsafety4africa.eu\/sl\/wp-json\/wp\/v2\/pages\/3936\/revisions\/3939"}],"up":[{"embeddable":true,"href":"https:\/\/foodsafety4africa.eu\/sl\/wp-json\/wp\/v2\/pages\/1274"}],"wp:attachment":[{"href":"https:\/\/foodsafety4africa.eu\/sl\/wp-json\/wp\/v2\/media?parent=3936"}],"curies":[{"name":"wp","href":"https:\/\/api.w.org\/{rel}","templated":true}]}}